{"id":55007,"date":"2021-09-27T10:21:49","date_gmt":"2021-09-27T07:21:49","guid":{"rendered":"http:\/\/salentopizza.ro\/elerhetoseg\/"},"modified":"2023-11-30T21:07:27","modified_gmt":"2023-11-30T19:07:27","slug":"elerhetoseg","status":"publish","type":"page","link":"https:\/\/salentopizza.ro\/hu\/elerhetoseg\/","title":{"rendered":"El\u00e9rhet\u0151s\u00e9g"},"content":{"rendered":"<style>.kb-row-layout-id370_4b0c67-8e > .kt-row-column-wrap{align-content:start;}:where(.kb-row-layout-id370_4b0c67-8e > .kt-row-column-wrap) > .wp-block-kadence-column{justify-content:start;}.kb-row-layout-id370_4b0c67-8e > .kt-row-column-wrap{column-gap:var(--global-kb-gap-md, 2rem);row-gap:var(--global-kb-gap-md, 2rem);padding-top:var(--global-kb-spacing-sm, 1.5rem);padding-bottom:var(--global-kb-spacing-sm, 1.5rem);grid-template-columns:minmax(0, 1fr);}.kb-row-layout-id370_4b0c67-8e{border-top-left-radius:10px;border-top-right-radius:10px;border-bottom-right-radius:10px;border-bottom-left-radius:10px;overflow:hidden;isolation:isolate;}.kb-row-layout-id370_4b0c67-8e > .kt-row-layout-overlay{opacity:0.30;}@media all and (max-width: 1024px){.kb-row-layout-id370_4b0c67-8e > .kt-row-column-wrap{grid-template-columns:minmax(0, 1fr);}}@media all and (max-width: 767px){.kb-row-layout-id370_4b0c67-8e > .kt-row-column-wrap{grid-template-columns:minmax(0, 1fr);}}<\/style><div class=\"kb-row-layout-wrap kb-row-layout-id370_4b0c67-8e alignnone has-theme-palette9-background-color kt-row-has-bg wp-block-kadence-rowlayout\"><div class=\"kt-row-column-wrap kt-has-1-columns kt-row-layout-equal kt-tab-layout-inherit kt-mobile-layout-row kt-row-valign-top\">\n<style>.kadence-column370_145871-a0 > .kt-inside-inner-col,.kadence-column370_145871-a0 > .kt-inside-inner-col:before{border-top-left-radius:0px;border-top-right-radius:0px;border-bottom-right-radius:0px;border-bottom-left-radius:0px;}.kadence-column370_145871-a0 > .kt-inside-inner-col{column-gap:var(--global-kb-gap-sm, 1rem);}.kadence-column370_145871-a0 > .kt-inside-inner-col{flex-direction:column;}.kadence-column370_145871-a0 > .kt-inside-inner-col > .aligncenter{width:100%;}.kadence-column370_145871-a0 > .kt-inside-inner-col:before{opacity:0.3;}.kadence-column370_145871-a0{position:relative;}@media all and (max-width: 1024px){.kadence-column370_145871-a0 > .kt-inside-inner-col{flex-direction:column;}}@media all and (max-width: 767px){.kadence-column370_145871-a0 > .kt-inside-inner-col{flex-direction:column;}}<\/style>\n<div class=\"wp-block-kadence-column kadence-column370_145871-a0\"><div class=\"kt-inside-inner-col\"><style>.kadence-column370_2f30b8-97{max-width:500px;margin-left:auto;margin-right:auto;}.wp-block-kadence-column.kb-section-dir-horizontal:not(.kb-section-md-dir-vertical)>.kt-inside-inner-col>.kadence-column370_2f30b8-97{-webkit-flex:0 1 500px;flex:0 1 500px;max-width:unset;margin-left:unset;margin-right:unset;}.kadence-column370_2f30b8-97 > .kt-inside-inner-col,.kadence-column370_2f30b8-97 > .kt-inside-inner-col:before{border-top-left-radius:0px;border-top-right-radius:0px;border-bottom-right-radius:0px;border-bottom-left-radius:0px;}.kadence-column370_2f30b8-97 > .kt-inside-inner-col{column-gap:var(--global-kb-gap-sm, 1rem);}.kadence-column370_2f30b8-97 > .kt-inside-inner-col{flex-direction:column;}.kadence-column370_2f30b8-97 > .kt-inside-inner-col > .aligncenter{width:100%;}.kadence-column370_2f30b8-97 > .kt-inside-inner-col:before{opacity:0.3;}.kadence-column370_2f30b8-97{position:relative;}@media all and (min-width: 1025px){.wp-block-kadence-column.kb-section-dir-horizontal>.kt-inside-inner-col>.kadence-column370_2f30b8-97{-webkit-flex:0 1 500px;flex:0 1 500px;max-width:unset;margin-left:unset;margin-right:unset;}}@media all and (max-width: 1024px){.kadence-column370_2f30b8-97 > .kt-inside-inner-col{flex-direction:column;}}@media all and (max-width: 767px){.wp-block-kadence-column.kb-section-sm-dir-vertical:not(.kb-section-sm-dir-horizontal):not(.kb-section-sm-dir-specificity)>.kt-inside-inner-col>.kadence-column370_2f30b8-97{max-width:500px;-webkit-flex:1;flex:1;margin-left:auto;margin-right:auto;}.kadence-column370_2f30b8-97 > .kt-inside-inner-col{flex-direction:column;}}<\/style>\n<div class=\"wp-block-kadence-column kadence-column370_2f30b8-97\"><div class=\"kt-inside-inner-col\">\n<h2 class=\"wp-block-heading has-text-align-center has-theme-palette-2-color has-text-color\">Kapcsolati \u0170rlap<\/h2>\n\n\n\n<p>Ha van egy javaslatod, vagy egy konkr\u00e9t helyzetr\u0151l szeretn\u00e9l besz\u00e1molni nek\u00fcnk term\u00e9keinkr\u0151l vagy szolg\u00e1ltat\u00e1sainkr\u00f3l, k\u00e9r\u00fcnk, t\u00f6ltsd ki az \u0171rlapot.<\/p>\n\n\n\n<p>\u00cenainte de a completa \u0219i comunica informa\u021biile de mai jos, te invit\u0103m s\u0103 consul\u021bi <a title=\"Politica de confidentialitate\" href=\"https:\/\/salentopizza.ro\/politica-de-confidentialitate\">Politica de confiden\u021bialitate<\/a>.<\/p>\n\n\n\n<div class=\"wp-block-kadence-form kadence-form-370_80cf72-8e kb-form-wrap\"><form class=\"kb-form\" action=\"\" method=\"post\"><div class=\"kadence-blocks-form-field kb-field-desk-width-100 kb-input-size-standard\"><label for=\"kb_field_370_80cf72-8e_0\">N\u00e9v<\/label><input name=\"kb_field_0\" id=\"kb_field_370_80cf72-8e_0\" data-label=\"N&#xE9;v\" type=\"text\" placeholder=\"\" value=\"\" data-type=\"text\" class=\"kb-field kb-text-style-field kb-text-field kb-field-0\"\/><\/div><div class=\"kadence-blocks-form-field kb-form-field-1 kb-field-desk-width-50 kb-input-size-standard\"><label for=\"kb_field_370_80cf72-8e_1\">E-mail c\u00edm<span class=\"required\">*<\/span><\/label><input name=\"kb_field_1\" id=\"kb_field_370_80cf72-8e_1\" data-label=\"E-mail c&#xED;m\" type=\"email\" placeholder=\"\" value=\"\" data-type=\"email\" class=\"kb-field kb-text-style-field kb-email-field kb-field-1\" data-required=\"yes\"\/><\/div><div class=\"kadence-blocks-form-field kb-form-field-2 kb-field-desk-width-50 kb-input-size-standard\"><label for=\"kb_field_370_80cf72-8e_2\">Telefon<\/label><input name=\"kb_field_2\" id=\"kb_field_370_80cf72-8e_2\" data-label=\"Telefon\" type=\"tel\" placeholder=\"\" value=\"\" data-type=\"tel\" class=\"kb-field kb-text-style-field kb-tel-field kb-field-2\"\/><\/div><div class=\"kadence-blocks-form-field kb-form-field-3 kb-field-desk-width-100 kb-input-size-standard\"><label for=\"kb_field_370_80cf72-8e_3\">\u00dczenet<span class=\"required\">*<\/span><\/label><textarea name=\"kb_field_3\" id=\"kb_field_370_80cf72-8e_3\" data-label=\"&#xDC;zenet\" type=\"textarea\" placeholder=\"\" data-type=\"textarea\" class=\"kb-field kb-text-style-field kb-textarea-field kb-field-3\" rows=\"4\" data-required=\"yes\"><\/textarea><\/div><input type=\"hidden\" name=\"_kb_form_id\" value=\"370_80cf72-8e\"\/><input type=\"hidden\" name=\"_kb_form_post_id\" value=\"370\"\/><input type=\"hidden\" name=\"action\" value=\"kb_process_ajax_submit\"\/><div class=\"kadence-blocks-form-field google-recaptcha-checkout-wrap\"><p id=\"kb-container-g-recaptcha\" class=\"google-recaptcha-container\"><span id=\"kb_recaptcha_370_80cf72-8e\" class=\"kadence-blocks-g-recaptcha-v2 g-recaptcha kb_recaptcha_370_80cf72-8e\" style=\"display:inline-block\"><\/span><\/p><\/div><input class=\"kadence-blocks-field verify\" type=\"text\" name=\"_kb_verify_email\" autocomplete=\"new-password\" aria-hidden=\"true\" placeholder=\"Email\" tabindex=\"-1\" data-1p-ignore=\"true\" data-lpignore=\"true\" \/><div class=\"kadence-blocks-form-field kb-submit-field kb-field-desk-width-100\"><button class=\"kb-forms-submit button kb-button-size-standard kb-button-width-auto\">K\u00fcld\u00e9s<\/button><\/div><\/form><\/div>\n<noscript><div class=\"kadence-blocks-form-message kadence-blocks-form-warning\">Please enable JavaScript in your browser to submit the form<\/div><style>.kadence-form-370_80cf72-8e .kadence-blocks-form-field.kb-submit-field { display: none; }<\/style><\/noscript>\n\n\n<\/div><\/div>\n<\/div><\/div>\n\n<\/div><\/div>","protected":false},"excerpt":{"rendered":"<p>Kapcsolati \u0170rlap Ha van egy javaslatod, vagy egy konkr\u00e9t helyzetr\u0151l szeretn\u00e9l besz\u00e1molni nek\u00fcnk term\u00e9keinkr\u0151l vagy szolg\u00e1ltat\u00e1sainkr\u00f3l, k\u00e9r\u00fcnk, t\u00f6ltsd ki az \u0171rlapot. \u00cenainte de a completa \u0219i comunica informa\u021biile de mai jos, te invit\u0103m s\u0103 consul\u021bi Politica de confiden\u021bialitate.<\/p>\n","protected":false},"author":1,"featured_media":0,"parent":0,"menu_order":0,"comment_status":"closed","ping_status":"closed","template":"","meta":{"_kad_blocks_custom_css":"","_kad_blocks_head_custom_js":"","_kad_blocks_body_custom_js":"","_kad_blocks_footer_custom_js":"","_kad_post_transparent":"","_kad_post_title":"","_kad_post_layout":"","_kad_post_sidebar_id":"","_kad_post_content_style":"","_kad_post_vertical_padding":"","_kad_post_feature":"","_kad_post_feature_position":"","_kad_post_header":false,"_kad_post_footer":false,"footnotes":""},"taxonomy_info":[],"featured_image_src_large":false,"author_info":{"display_name":"taki","author_link":"https:\/\/salentopizza.ro\/hu\/author\/taki\/"},"comment_info":0,"jetpack_sharing_enabled":true,"_links":{"self":[{"href":"https:\/\/salentopizza.ro\/hu\/wp-json\/wp\/v2\/pages\/55007"}],"collection":[{"href":"https:\/\/salentopizza.ro\/hu\/wp-json\/wp\/v2\/pages"}],"about":[{"href":"https:\/\/salentopizza.ro\/hu\/wp-json\/wp\/v2\/types\/page"}],"author":[{"embeddable":true,"href":"https:\/\/salentopizza.ro\/hu\/wp-json\/wp\/v2\/users\/1"}],"replies":[{"embeddable":true,"href":"https:\/\/salentopizza.ro\/hu\/wp-json\/wp\/v2\/comments?post=55007"}],"version-history":[{"count":0,"href":"https:\/\/salentopizza.ro\/hu\/wp-json\/wp\/v2\/pages\/55007\/revisions"}],"wp:attachment":[{"href":"https:\/\/salentopizza.ro\/hu\/wp-json\/wp\/v2\/media?parent=55007"}],"curies":[{"name":"wp","href":"https:\/\/api.w.org\/{rel}","templated":true}]}}