{"id":55027,"date":"2021-09-27T12:07:05","date_gmt":"2021-09-27T09:07:05","guid":{"rendered":"http:\/\/salentopizza.ro\/allergenek\/"},"modified":"2023-12-07T13:36:58","modified_gmt":"2023-12-07T11:36:58","slug":"allergenek","status":"publish","type":"page","link":"https:\/\/salentopizza.ro\/hu\/allergenek\/","title":{"rendered":"Allerg\u00e9nek"},"content":{"rendered":"<style>.kb-row-layout-id52723_dbfe9d-6a > .kt-row-column-wrap{align-content:start;}:where(.kb-row-layout-id52723_dbfe9d-6a > .kt-row-column-wrap) > .wp-block-kadence-column{justify-content:start;}.kb-row-layout-id52723_dbfe9d-6a > .kt-row-column-wrap{column-gap:var(--global-kb-gap-md, 2rem);row-gap:var(--global-kb-gap-md, 2rem);padding-top:var(--global-kb-spacing-sm, 1.5rem);padding-bottom:var(--global-kb-spacing-sm, 1.5rem);grid-template-columns:minmax(0, 1fr);}.kb-row-layout-id52723_dbfe9d-6a{border-top-left-radius:10px;border-top-right-radius:10px;border-bottom-right-radius:10px;border-bottom-left-radius:10px;overflow:hidden;isolation:isolate;}.kb-row-layout-id52723_dbfe9d-6a > .kt-row-layout-overlay{opacity:0.30;}@media all and (max-width: 1024px){.kb-row-layout-id52723_dbfe9d-6a > .kt-row-column-wrap{grid-template-columns:minmax(0, 1fr);}}@media all and (max-width: 767px){.kb-row-layout-id52723_dbfe9d-6a > .kt-row-column-wrap{grid-template-columns:minmax(0, 1fr);}}<\/style><div class=\"kb-row-layout-wrap kb-row-layout-id52723_dbfe9d-6a alignnone has-theme-palette9-background-color kt-row-has-bg wp-block-kadence-rowlayout\"><div class=\"kt-row-column-wrap kt-has-1-columns kt-row-layout-equal kt-tab-layout-inherit kt-mobile-layout-row kt-row-valign-top\">\n<style>.kadence-column52723_6d532c-ca > .kt-inside-inner-col,.kadence-column52723_6d532c-ca > .kt-inside-inner-col:before{border-top-left-radius:0px;border-top-right-radius:0px;border-bottom-right-radius:0px;border-bottom-left-radius:0px;}.kadence-column52723_6d532c-ca > .kt-inside-inner-col{column-gap:var(--global-kb-gap-sm, 1rem);}.kadence-column52723_6d532c-ca > .kt-inside-inner-col{flex-direction:column;}.kadence-column52723_6d532c-ca > .kt-inside-inner-col > .aligncenter{width:100%;}.kadence-column52723_6d532c-ca > .kt-inside-inner-col:before{opacity:0.3;}.kadence-column52723_6d532c-ca{position:relative;}@media all and (max-width: 1024px){.kadence-column52723_6d532c-ca > .kt-inside-inner-col{flex-direction:column;}}@media all and (max-width: 767px){.kadence-column52723_6d532c-ca > .kt-inside-inner-col{flex-direction:column;}}<\/style>\n<div class=\"wp-block-kadence-column kadence-column52723_6d532c-ca\"><div class=\"kt-inside-inner-col\">\n<h1 class=\"wp-block-heading has-text-align-center has-theme-palette-2-color has-text-color\">Allerg\u00e9nek<\/h1>\n\n\n\n<p class=\"has-text-align-center\"><a href=\"https:\/\/salentopizza.ro\/wp-content\/uploads\/2023\/10\/lista-ingrediente-Saleno-Pizza-nou.pdf\">Az allerg\u00e9nek teljes list\u00e1j\u00e1t l\u00e1sd az al\u00e1bbi PDF-ben.<\/a><\/p>\n\n\n\n<p>Fogyaszt\u00f3ink figyelm\u00e9be.<\/p>\n\n\n\n<p><strong>Felh\u00edvjuk figyelm\u00e9t, hogy az \u00e9tlapunkon szerepl\u0151 term\u00e9kek allerg\u00e9neket tartalmazhatnak. Ha allergi\u00e1s vagy intoler\u00e1ns egy adott \u00f6sszetev\u0151re, k\u00e9rj\u00fck, rendel\u00e9s el\u0151tt tekintse meg az \u00f6sszetev\u0151k list\u00e1j\u00e1t. <\/strong><\/p>\n\n\n\n<p>A 2000. m\u00e1rcius 20-i 2000\/13\/EK eur\u00f3pai parlamenti \u00e9s tan\u00e1csi ir\u00e1nyelv szerint az \u00e9lelmiszer-allerg\u00e9nek a k\u00f6vetkez\u0151 csoportokba sorolhat\u00f3k:<\/p>\n\n\n\n<p>1. Glut\u00e9ntartalm\u00fa gabonaf\u00e9l\u00e9k (b\u00faza, rozs, \u00e1rpa, zab, t\u00f6nk\u00f6lyb\u00faza, magas b\u00fazatartalm\u00fa b\u00faza vagy ezek hibridjei) \u00e9s az ezekb\u0151l k\u00e9sz\u00fclt term\u00e9kek;<br\/>2. R\u00e1kf\u00e9l\u00e9k \u00e9s r\u00e1kf\u00e9l\u00e9kb\u0151l k\u00e9sz\u00fclt term\u00e9kek;<br\/>3. Toj\u00e1s \u00e9s az abb\u00f3l k\u00e9sz\u00fclt term\u00e9kek;<br\/>4. Hal \u00e9s halterm\u00e9kek;<br\/>5. F\u00f6ldimogyor\u00f3 \u00e9s az abb\u00f3l k\u00e9sz\u00fclt term\u00e9kek;<br\/>6. Sz\u00f3jabab \u00e9s az abb\u00f3l k\u00e9sz\u00fclt term\u00e9kek;<br\/>7. Tej \u00e9s tejterm\u00e9kek (bele\u00e9rtve a lakt\u00f3zt);<br\/>8. Di\u00f3f\u00e9l\u00e9k (mandula, mogyor\u00f3, di\u00f3, pek\u00e1ndi\u00f3, brazil di\u00f3, piszt\u00e1cia, makad\u00e1mia di\u00f3 \u00e9s Queensland di\u00f3) \u00e9s az azokb\u00f3l k\u00e9sz\u00fclt term\u00e9kek;<br\/>9. Szappan \u00e9s az abb\u00f3l k\u00e9sz\u00fclt term\u00e9kek;<br\/>10. Must\u00e1r \u00e9s a bel\u0151le k\u00e9sz\u00fclt term\u00e9kek;<br\/>11. Szez\u00e1mmag \u00e9s az abb\u00f3l k\u00e9sz\u00fclt term\u00e9kek;<br\/>12. K\u00e9n-dioxid \u00e9s szulfitok 10 mg\/kg vagy 10 mg\/liter feletti koncentr\u00e1ci\u00f3ban;<br\/>13. Lupin \u00e9s sz\u00e1rmaz\u00e9kai;<br\/>14. Puhatest\u0171ek \u00e9s az azokb\u00f3l sz\u00e1rmaz\u00f3 term\u00e9kek;<\/p>\n\n\n\n<h2 class=\"wp-block-heading\">Term\u00e9keink<\/h2>\n\n\n\n<h4 class=\"wp-block-heading\">Pizza \/ Pizza felie<\/h4>\n\n\n\n<p>Margherita: glut\u00e9n, sz\u00f3ja, tej<br\/>Vezuvio: glut\u00e9n, sz\u00f3ja, tej<br\/>Funghi: glut\u00e9n, sz\u00f3ja, tej<br\/>Diavola: glut\u00e9n, sz\u00f3ja, tej, must\u00e1r<br\/>Quatro Formaggi: glut\u00e9n, sz\u00f3ja, tej<br\/>Tavasz: glut\u00e9n, sz\u00f3ja, tej<br\/>Milano: glut\u00e9n, sz\u00f3ja, tej<br\/>Prosciutto Funghi: glut\u00e9n, sz\u00f3ja, tej, must\u00e1r<br\/>Capriciosa: glut\u00e9n, sz\u00f3ja, tej<br\/>Mimosa: glut\u00e9n, sz\u00f3ja, tej, must\u00e1r<br\/>Vegetariano: glut\u00e9n, tej<br\/>Fiore: glut\u00e9n, sz\u00f3ja, tej<br\/>Regio: glut\u00e9n, sz\u00f3ja, tej<br\/>Pizza integrale: glut\u00e9n, sz\u00f3ja, tej, must\u00e1r<\/p>\n\n\n\n<h4 class=\"wp-block-heading\">Ingrediente<\/h4>\n\n\n\n<p>Mozzarella: lapte<br\/>Vita: sz\u00f3ja<br\/>Porc: sz\u00f3ja<br\/>Pui: telina<br\/>Pepperoni: must\u00e1r<br\/>Sunca: sz\u00f3ja<br\/>Ton: hal, sz\u00f3ja<\/p>\n\n\n\n<h4 class=\"wp-block-heading\">pizza sz\u00f3szok<\/h4>\n\n\n\n<p>fokhagymam\u00e1rt\u00e1s: glut\u00e9n, tej, must\u00e1r, k\u00e9n-dioxid \u00e9s szulfitok.<br\/>chilisz\u00f3sz: glut\u00e9n, tej, must\u00e1r<\/p>\n\n\n\n<h4 class=\"wp-block-heading\">K\u00fcl\u00f6nlegess\u00e9gek<\/h4>\n\n\n\n<p>Pizza szendvics: glut\u00e9n, sz\u00f3ja, tej,<br\/>Veget\u00e1ri\u00e1nus pizza szendvics: glut\u00e9n, sz\u00f3ja, tej<br\/>Nutella calzone: glut\u00e9n, toj\u00e1s, f\u00f6ldimogyor\u00f3, sz\u00f3ja, tej, di\u00f3f\u00e9l\u00e9k, szez\u00e1mmag<br\/>S\u00fctem\u00e9nyek: glut\u00e9n, tej<\/p>\n\n\n\n<h3 class=\"wp-block-heading\">Tov\u00e1bbi inform\u00e1ci\u00f3k allerg\u00e9nek<\/h3>\n\n\n\n<p>Di\u00f3f\u00e9l\u00e9k \u2013 mandula, f\u00f6ldimogyor\u00f3, di\u00f3.<\/p>\n\n\n\n<p>Az egyes \u00f6sszetev\u0151k keresztkombin\u00e1ci\u00f3i, valamint az egyes term\u00e9kek bizonyos elker\u00fclhetetlen technol\u00f3giai szennyez\u0151d\u00e9sei nem z\u00e1rhat\u00f3k ki *K\u00e9n-dioxid \u00e9s szulfitok 10mg\/kg vagy 10mg\/liter feletti koncentr\u00e1ci\u00f3ban, SO2-ben kifejezve.<\/p>\n\n\n\n<p>Az egyes \u00f6sszetev\u0151k keresztkombin\u00e1ci\u00f3i, valamint az egyes term\u00e9kek bizonyos elker\u00fclhetetlen technol\u00f3giai szennyez\u0151d\u00e9sei nem z\u00e1rhat\u00f3k ki *K\u00e9n-dioxid \u00e9s szulfitok 10mg\/kg vagy 10mg\/liter feletti koncentr\u00e1ci\u00f3ban, SO2-ben kifejezve.<\/p>\n\n\n\n<p>Az egyes \u00f6sszetev\u0151k keresztkombin\u00e1ci\u00f3i, valamint az egyes term\u00e9kek bizonyos elker\u00fclhetetlen technol\u00f3giai szennyez\u0151d\u00e9sei nem z\u00e1rhat\u00f3k ki. <\/p>\n\n\n\n<p><strong>Minden Salento Pizza term\u00e9k nyomokban tartalmazhat allerg\u00e9n anyagokat (lakt\u00f3z, glut\u00e9n, sz\u00f3ja, toj\u00e1s, zeller, must\u00e1r, di\u00f3f\u00e9l\u00e9k, f\u00f6ldimogyor\u00f3, szez\u00e1mmag), amelyek allerg\u00e9n anyagokat tartalmaz\u00f3 \u00e9lelmiszereket feldolgoz\u00f3 \u00fczemekben nyert nyersanyagokb\u00f3l sz\u00e1rmaznak.\u201d.<\/strong><\/p>\n\n\n\n<\/div><\/div>\n\n<\/div><\/div>","protected":false},"excerpt":{"rendered":"<p>Allerg\u00e9nek Az allerg\u00e9nek teljes list\u00e1j\u00e1t l\u00e1sd az al\u00e1bbi PDF-ben. Fogyaszt\u00f3ink figyelm\u00e9be. Felh\u00edvjuk figyelm\u00e9t, hogy az \u00e9tlapunkon szerepl\u0151 term\u00e9kek allerg\u00e9neket tartalmazhatnak. Ha allergi\u00e1s vagy intoler\u00e1ns egy adott \u00f6sszetev\u0151re, k\u00e9rj\u00fck, rendel\u00e9s el\u0151tt tekintse meg az \u00f6sszetev\u0151k list\u00e1j\u00e1t. A 2000. m\u00e1rcius 20-i 2000\/13\/EK eur\u00f3pai parlamenti \u00e9s tan\u00e1csi ir\u00e1nyelv szerint az \u00e9lelmiszer-allerg\u00e9nek a k\u00f6vetkez\u0151 csoportokba sorolhat\u00f3k: 1. Glut\u00e9ntartalm\u00fa gabonaf\u00e9l\u00e9k&#8230;<\/p>\n","protected":false},"author":1,"featured_media":0,"parent":0,"menu_order":0,"comment_status":"closed","ping_status":"closed","template":"","meta":{"_kad_blocks_custom_css":"","_kad_blocks_head_custom_js":"","_kad_blocks_body_custom_js":"","_kad_blocks_footer_custom_js":"","_kad_post_transparent":"","_kad_post_title":"","_kad_post_layout":"","_kad_post_sidebar_id":"","_kad_post_content_style":"","_kad_post_vertical_padding":"","_kad_post_feature":"","_kad_post_feature_position":"","_kad_post_header":false,"_kad_post_footer":false,"footnotes":""},"taxonomy_info":[],"featured_image_src_large":false,"author_info":{"display_name":"taki","author_link":"https:\/\/salentopizza.ro\/hu\/author\/taki\/"},"comment_info":0,"jetpack_sharing_enabled":true,"_links":{"self":[{"href":"https:\/\/salentopizza.ro\/hu\/wp-json\/wp\/v2\/pages\/55027"}],"collection":[{"href":"https:\/\/salentopizza.ro\/hu\/wp-json\/wp\/v2\/pages"}],"about":[{"href":"https:\/\/salentopizza.ro\/hu\/wp-json\/wp\/v2\/types\/page"}],"author":[{"embeddable":true,"href":"https:\/\/salentopizza.ro\/hu\/wp-json\/wp\/v2\/users\/1"}],"replies":[{"embeddable":true,"href":"https:\/\/salentopizza.ro\/hu\/wp-json\/wp\/v2\/comments?post=55027"}],"version-history":[{"count":0,"href":"https:\/\/salentopizza.ro\/hu\/wp-json\/wp\/v2\/pages\/55027\/revisions"}],"wp:attachment":[{"href":"https:\/\/salentopizza.ro\/hu\/wp-json\/wp\/v2\/media?parent=55027"}],"curies":[{"name":"wp","href":"https:\/\/api.w.org\/{rel}","templated":true}]}}