{"id":55538,"date":"2021-10-21T11:36:39","date_gmt":"2021-10-21T08:36:39","guid":{"rendered":"http:\/\/salentopizza.ro\/ajanlatok\/"},"modified":"2023-11-30T21:07:27","modified_gmt":"2023-11-30T19:07:27","slug":"ajanlatok","status":"publish","type":"page","link":"https:\/\/salentopizza.ro\/hu\/ajanlatok\/","title":{"rendered":"Aj\u00e1nlatok"},"content":{"rendered":"<style>.kb-row-layout-id50068_ca4f61-c3 > .kt-row-column-wrap{align-content:start;}:where(.kb-row-layout-id50068_ca4f61-c3 > .kt-row-column-wrap) > .wp-block-kadence-column{justify-content:start;}.kb-row-layout-id50068_ca4f61-c3 > .kt-row-column-wrap{column-gap:var(--global-kb-gap-md, 2rem);row-gap:var(--global-kb-gap-md, 2rem);padding-top:var(--global-kb-spacing-sm, 1.5rem);padding-bottom:var(--global-kb-spacing-sm, 1.5rem);grid-template-columns:minmax(0, 1fr);}.kb-row-layout-id50068_ca4f61-c3{border-top-left-radius:10px;border-top-right-radius:10px;border-bottom-right-radius:10px;border-bottom-left-radius:10px;overflow:hidden;isolation:isolate;}.kb-row-layout-id50068_ca4f61-c3 > .kt-row-layout-overlay{opacity:0.30;}@media all and (max-width: 1024px){.kb-row-layout-id50068_ca4f61-c3 > .kt-row-column-wrap{grid-template-columns:minmax(0, 1fr);}}@media all and (max-width: 767px){.kb-row-layout-id50068_ca4f61-c3 > .kt-row-column-wrap{grid-template-columns:minmax(0, 1fr);}}<\/style><div class=\"kb-row-layout-wrap kb-row-layout-id50068_ca4f61-c3 alignnone has-theme-palette9-background-color kt-row-has-bg wp-block-kadence-rowlayout\"><div class=\"kt-row-column-wrap kt-has-1-columns kt-row-layout-equal kt-tab-layout-inherit kt-mobile-layout-row kt-row-valign-top\">\n<style>.kadence-column50068_4d0d93-12 > .kt-inside-inner-col,.kadence-column50068_4d0d93-12 > .kt-inside-inner-col:before{border-top-left-radius:0px;border-top-right-radius:0px;border-bottom-right-radius:0px;border-bottom-left-radius:0px;}.kadence-column50068_4d0d93-12 > .kt-inside-inner-col{column-gap:var(--global-kb-gap-sm, 1rem);}.kadence-column50068_4d0d93-12 > .kt-inside-inner-col{flex-direction:column;}.kadence-column50068_4d0d93-12 > .kt-inside-inner-col > .aligncenter{width:100%;}.kadence-column50068_4d0d93-12 > .kt-inside-inner-col:before{opacity:0.3;}.kadence-column50068_4d0d93-12{position:relative;}@media all and (max-width: 1024px){.kadence-column50068_4d0d93-12 > .kt-inside-inner-col{flex-direction:column;}}@media all and (max-width: 767px){.kadence-column50068_4d0d93-12 > .kt-inside-inner-col{flex-direction:column;}}<\/style>\n<div class=\"wp-block-kadence-column kadence-column50068_4d0d93-12\"><div class=\"kt-inside-inner-col\">\n<h1 class=\"wp-block-heading has-text-align-center has--font-size has-theme-palette-2-color has-text-color\">Salento Pizza aj\u00e1nlatai<\/h1>\n\n\n<div class=\"wp-block-kadence-posts kb-posts kb-posts-id-50068_afd070-8a content-wrap grid-cols kb-posts-style-boxed grid-sm-col-1 grid-lg-col-1 item-image-style-beside\"><article class=\"entry content-bg loop-entry post-55520 post type-post status-publish format-standard has-post-thumbnail hentry category-ajanlatok\">\n\t\t\t<a class=\"post-thumbnail kadence-thumbnail-ratio-9-16\" href=\"https:\/\/salentopizza.ro\/hu\/salento-doboz\/\">\n\t\t\t<div class=\"post-thumbnail-inner\">\n\t\t\t\t<img decoding=\"async\" width=\"1080\" height=\"400\" src=\"https:\/\/salentopizza.ro\/wp-content\/uploads\/2025\/10\/15-kupon.png\" class=\"attachment-full size-full wp-post-image\" alt=\"Salento doboz\" srcset=\"https:\/\/salentopizza.ro\/wp-content\/uploads\/2025\/10\/15-kupon.png 1080w, https:\/\/salentopizza.ro\/wp-content\/uploads\/2025\/10\/15-kupon-300x111.png 300w, https:\/\/salentopizza.ro\/wp-content\/uploads\/2025\/10\/15-kupon-1024x379.png 1024w, https:\/\/salentopizza.ro\/wp-content\/uploads\/2025\/10\/15-kupon-768x284.png 768w, https:\/\/salentopizza.ro\/wp-content\/uploads\/2025\/10\/15-kupon-600x222.png 600w\" sizes=\"(max-width: 1080px) 100vw, 1080px\" \/>\t\t\t<\/div>\n\t\t<\/a><!-- .post-thumbnail -->\n\t\t\t<div class=\"entry-content-wrap\">\n\t\t<header class=\"entry-header\">\n\t<h2 class=\"entry-title\"><a href=\"https:\/\/salentopizza.ro\/hu\/salento-doboz\/\" rel=\"bookmark\">Salento doboz<\/a><\/h2><\/header><!-- .entry-header -->\n\t<div class=\"entry-summary\">\n\t\t<p>A mi jutalmunk neked! Ha kiv\u00e1god azt a r\u00e9szt, amit a k\u00e9pen l\u00e1tsz, \u00e9s \u00f6sszegy\u0171jtesz 15 darabot, mi MEGAJ\u00c1ND\u00c9KOZUNK egy 30 cm-es pizz\u00e1val. A helyekre, k\u00e9szen, Gy\u0171jts\u00e9tek! Pizza-doboz kuponok haszn\u00e1lati szab\u00e1lyzata Minden pizz\u00e1s doboz tartalmaz egy kupont. 15 \u00f6sszegy\u0171jt\u00f6tt kupon eset\u00e9n egy 30 cm-es pizza aj\u00e1nd\u00e9k. \u00c9rv\u00e9nyes 2025.10.15.-t\u00f3l \u00a0 Csak a Salento Pizza \u00e1ltal kiadott&#8230;<\/p>\n\t<\/div><!-- .entry-summary -->\n\t<footer class=\"entry-footer\">\n\t<\/footer><!-- .entry-footer -->\t<\/div>\n<\/article>\n<\/div>\n\n\n<\/div><\/div>\n\n<\/div><\/div>","protected":false},"excerpt":{"rendered":"<p>Salento Pizza aj\u00e1nlatai<\/p>\n","protected":false},"author":1,"featured_media":0,"parent":0,"menu_order":0,"comment_status":"closed","ping_status":"closed","template":"","meta":{"_kad_blocks_custom_css":".ex-fdlist, .exfd-table-1 td, .exwf-mngroup {\r\n    display: none;\r\n}\r\n\r\n.wp-site-blocks .post-thumbnail:not(.kadence-thumbnail-ratio-inherit) img {\r\n    border-radius: 10px;\r\n}","_kad_blocks_head_custom_js":"","_kad_blocks_body_custom_js":"","_kad_blocks_footer_custom_js":"","_kad_post_transparent":"","_kad_post_title":"","_kad_post_layout":"","_kad_post_sidebar_id":"","_kad_post_content_style":"","_kad_post_vertical_padding":"","_kad_post_feature":"","_kad_post_feature_position":"","_kad_post_header":false,"_kad_post_footer":false,"footnotes":""},"taxonomy_info":[],"featured_image_src_large":false,"author_info":{"display_name":"taki","author_link":"https:\/\/salentopizza.ro\/hu\/author\/taki\/"},"comment_info":0,"jetpack_sharing_enabled":true,"_links":{"self":[{"href":"https:\/\/salentopizza.ro\/hu\/wp-json\/wp\/v2\/pages\/55538"}],"collection":[{"href":"https:\/\/salentopizza.ro\/hu\/wp-json\/wp\/v2\/pages"}],"about":[{"href":"https:\/\/salentopizza.ro\/hu\/wp-json\/wp\/v2\/types\/page"}],"author":[{"embeddable":true,"href":"https:\/\/salentopizza.ro\/hu\/wp-json\/wp\/v2\/users\/1"}],"replies":[{"embeddable":true,"href":"https:\/\/salentopizza.ro\/hu\/wp-json\/wp\/v2\/comments?post=55538"}],"version-history":[{"count":0,"href":"https:\/\/salentopizza.ro\/hu\/wp-json\/wp\/v2\/pages\/55538\/revisions"}],"wp:attachment":[{"href":"https:\/\/salentopizza.ro\/hu\/wp-json\/wp\/v2\/media?parent=55538"}],"curies":[{"name":"wp","href":"https:\/\/api.w.org\/{rel}","templated":true}]}}