{"id":59000,"date":"2023-10-31T17:50:16","date_gmt":"2023-10-31T15:50:16","guid":{"rendered":"http:\/\/salentopizza.ro\/cookie-szabalyzat\/"},"modified":"2023-10-31T17:50:19","modified_gmt":"2023-10-31T15:50:19","slug":"cookie-szabalyzat","status":"publish","type":"page","link":"https:\/\/salentopizza.ro\/hu\/cookie-szabalyzat\/","title":{"rendered":"Cookie Szab\u00e1lyzat"},"content":{"rendered":"<style>.kb-row-layout-id51936_a8d964-7d > .kt-row-column-wrap{align-content:start;}:where(.kb-row-layout-id51936_a8d964-7d > .kt-row-column-wrap) > .wp-block-kadence-column{justify-content:start;}.kb-row-layout-id51936_a8d964-7d > .kt-row-column-wrap{column-gap:var(--global-kb-gap-md, 2rem);row-gap:var(--global-kb-gap-md, 2rem);padding-top:var(--global-kb-spacing-sm, 1.5rem);padding-bottom:var(--global-kb-spacing-sm, 1.5rem);grid-template-columns:minmax(0, 1fr);}.kb-row-layout-id51936_a8d964-7d{border-top-left-radius:10px;border-top-right-radius:10px;border-bottom-right-radius:10px;border-bottom-left-radius:10px;overflow:hidden;isolation:isolate;}.kb-row-layout-id51936_a8d964-7d > .kt-row-layout-overlay{opacity:0.30;}@media all and (max-width: 1024px){.kb-row-layout-id51936_a8d964-7d > .kt-row-column-wrap{grid-template-columns:minmax(0, 1fr);}}@media all and (max-width: 767px){.kb-row-layout-id51936_a8d964-7d > .kt-row-column-wrap{grid-template-columns:minmax(0, 1fr);}}<\/style><div class=\"kb-row-layout-wrap kb-row-layout-id51936_a8d964-7d alignnone has-theme-palette9-background-color kt-row-has-bg wp-block-kadence-rowlayout\"><div class=\"kt-row-column-wrap kt-has-1-columns kt-row-layout-equal kt-tab-layout-inherit kt-mobile-layout-row kt-row-valign-top\">\n<style>.kadence-column51936_4e9714-65 > .kt-inside-inner-col,.kadence-column51936_4e9714-65 > .kt-inside-inner-col:before{border-top-left-radius:0px;border-top-right-radius:0px;border-bottom-right-radius:0px;border-bottom-left-radius:0px;}.kadence-column51936_4e9714-65 > .kt-inside-inner-col{column-gap:var(--global-kb-gap-sm, 1rem);}.kadence-column51936_4e9714-65 > .kt-inside-inner-col{flex-direction:column;}.kadence-column51936_4e9714-65 > .kt-inside-inner-col > .aligncenter{width:100%;}.kadence-column51936_4e9714-65 > .kt-inside-inner-col:before{opacity:0.3;}.kadence-column51936_4e9714-65{position:relative;}@media all and (max-width: 1024px){.kadence-column51936_4e9714-65 > .kt-inside-inner-col{flex-direction:column;}}@media all and (max-width: 767px){.kadence-column51936_4e9714-65 > .kt-inside-inner-col{flex-direction:column;}}<\/style>\n<div class=\"wp-block-kadence-column kadence-column51936_4e9714-65\"><div class=\"kt-inside-inner-col\">\n<h1 class=\"wp-block-heading\">POLITIC\u0102 DE COOKIE-URI<\/h1>\n\n\n\n<p>Aceast\u0103 politic\u0103 reglementeaz\u0103 utilizarea cookie-urilor si stabile\u0219te temeiul legal al companiei SC HOMA S.R.L. pentru utilizarea \u201ccookie-urilor\u201d \u0219i tehnologiilor similare pe website sau pe sisteme care au legatur\u0103 cu website-ul <a href=\"https:\/\/salentopizza.ro\/hu\/\"><strong>www.salentopizza.ro<\/strong><\/a>. Aceast\u0103 politic\u0103 de cookie-uri este valabil\u0103 \u00eencep\u00e2nd cu data de 01.12.2020.<\/p>\n\n\n\n<p>Modulele de cookie <strong>esen\u021biale<\/strong> sunt <strong>plasate automat<\/strong> pe calculator, laptop sau orice dispozitiv ce poate accesa sau actiona pe site-ul companiei. Cookie-urile <strong>non-esen\u021biale<\/strong> \u0219i <strong>alte tehnologii similare<\/strong> sunt plasate pe computerul sau dispozitivul utilizatorului care <strong>\u0219i-a dat acordul explicit<\/strong>. Informa\u021bii aditionale despre diferen\u021ba dintre cookie-urile esen\u021biale \u0219i non-esen\u021biale, se g\u0103sesc \u00een sec\u021biunea de mai jos intitulat\u0103 \u201c<u>Despre cookie-uri<\/u>\u201d.<\/p>\n\n\n\n<p>Informa\u021bii despre modul \u00een care este oferit consim\u021b\u0103m\u00e2ntul pentru cookie-uri non-esen\u021biale \u0219i alte tehnologii \u0219i despre modul cum se poate retrage acest consim\u021b\u0103m\u00e2nt se g\u0103sesc in sec\u021biunea de mai jos, intitulat\u0103 \u201c<u>Cum se accept\u0103 sau se resping cookie-urile<\/u>\u201d.<\/p>\n\n\n\n<p><strong>Cuprins<\/strong><\/p>\n\n\n\n<ol>\n<li><a title=\"Despre cookie-uri\" href=\"#despre-cookie\"><strong>Despre cookie-uri<\/strong><\/a><\/li>\n\n\n\n<li><a title=\"Tipurile de cookie-uri utilizate\" href=\"#tipuri-cookie\"><strong>Tipurile de cookie-uri utilizate<\/strong><\/a><\/li>\n\n\n\n<li><a title=\"Cum se accepta sau resping cookie-urile\" href=\"#respingere-cookie\"><strong>Cum se accepta sau resping cookie-urile<\/strong><\/a><\/li>\n<\/ol>\n\n\n\n<h3 class=\"wp-block-heading\"><strong>1. Despre Cookie-uri<\/strong><\/h3>\n\n\n\n<p><strong>Ce sunt cookie-urile?<\/strong><\/p>\n\n\n\n<p>Fi\u0219ierele cookie sunt fi\u0219iere mici de text trimise de serverul unui site web c\u0103tre un navigator web (web browser: Microsoft Edge, Firefox, Opera, Chrome etc.), memorie RAM sau unitate de hard disk \u0219i apoi stocate acolo. Acestea pot fi utilizate cu scopuri diferite, cum ar fi: personalizarea site-ului web \u00een functie de nevoile unui anumit utilizator, ajutarea unui utilizator s\u0103 navigheze pe site-ul web, \u00eembun\u0103t\u0103\u021birea calit\u0103\u021bii site-ului web pentru utilizator sau stocarea preferin\u021belor utilizatorului \u0219i informa\u021biilor de conectare.<\/p>\n\n\n\n<p><strong>Cookie-uri esen\u021biale \u0219i neesen\u021biale<\/strong><\/p>\n\n\n\n<p>Cookie-urile pot fi clasificate drept &#8220;esen\u021biale&#8221; sau &#8220;neesen\u021biale&#8221;.<\/p>\n\n\n\n<p><u>Cookie-urile esen\u021biale:<\/u> prezint\u0103 una dintre urm\u0103toarele dou\u0103 caracteristici:<\/p>\n\n\n\n<ul>\n<li>sunt utilizate exclusiv pentru efectuarea sau facilitarea comunic\u0103rii \u00eentr-o re\u021bea; sau<\/li>\n\n\n\n<li>sunt strict necesare pentru furnizarea unui serviciu online (de ex. site-ul nostru sau un serviciu de pe site-ul nostru) solicitat de c\u0103tre dvs.<\/li>\n<\/ul>\n\n\n\n<p><u>Cookie-uri neesen\u021biale: <\/u>Acestea nu se \u00eencadreaz\u0103 \u00een defini\u021bia cookie-urilor esen\u021biale deoarece nu sunt strict necesare pentru functionarea unui site sau a serviciilor oferite pe acesta, precum cookie-urile utilizate pentru analizarea comportamentul pe un site web (cookie-uri \u201eanalitice\u201d) sau cookie-urile utilizate pentru afi\u0219area de reclame.<\/p>\n\n\n\n<p><strong>Cookie-uri de sesiune \u0219i persistente <\/strong><\/p>\n\n\n\n<p>Cookie-urile pot fi de dou\u0103 tipuri: \u201ede sesiune\u201d \u0219i \u201epersistente\u201d, \u00een func\u021bie de perioada de stocare dup\u0103 plasarea lor \u00een browserul dvs.<\/p>\n\n\n\n<p><u>Cookie-urile de sesiune:<\/u> r\u0103m\u00e2n pe dipozitiv at\u00e2ta timp c\u00e2t navigatorul web este deschis. Acestea expir\u0103 c\u00e2nd navigatorul web este inchis.<\/p>\n\n\n\n<p><u>Cookie-urile persistente<\/u>: expir\u0103 la un punct fix \u00een timp sau dac\u0103 sunt \u0219terse manual din navigatorul web.<\/p>\n\n\n\n<p><strong>Cookie-urile noastre sau ale p\u0103r\u021bilor ter\u021be<\/strong><\/p>\n\n\n\n<p>Cookie-urile pot fi clasificate \u00een dou\u0103 grupuri: cele care apar\u021bin site-ului vizitat sau cele care apar\u021bin p\u0103r\u021bilor ter\u021be.<\/p>\n\n\n\n<p><u>Cookie-urile care apar\u021bin site-ului nostru (primare)<\/u>: sunt cookie-urile plasate pe dispozitivul dvs. de c\u0103tre domeniul site-ului nostru.<\/p>\n\n\n\n<p><u>Cookie-urile care apar\u021bin ter\u021bilor:<\/u> sunt cookie-urile plasate pe dispozitivul dvs. de c\u0103tre domenii ale unor site-uri care apar\u021bin unor p\u0103r\u021bi ter\u021be.<\/p>\n\n\n\n<p>Informa\u021bii adi\u021bionale se g\u0103sesc prin accesarea urm\u0103torului site web <a title=\"www.allaboutcookies.org\" href=\"https:\/\/www.allaboutcookies.org\" target=\"_blank\" rel=\"noopener noreferrer\">www.allaboutcookies.org<\/a><\/p>\n\n\n\n<h3 class=\"wp-block-heading\"><strong>2. Tipurile de cookie-uri utilizate<\/strong><\/h3>\n\n\n\n<p>Noi putem utiliza urmatoarele cookie-uri pe site-ul nostru web:<\/p>\n\n\n\n<p><strong> Cookie-uri esen\u021biale<\/strong><\/p>\n\n\n\n<p>Acestea sunt cookie-urile strict necesare pentru func\u021bionarea corect\u0103 a site-ului nostru sau pentru oferirea de servicii pe care le solicita\u021bi folosind website-ul nostru.<\/p>\n\n\n\n<p><strong>Fundamentul juridic pentru prelucrare<\/strong>: prelucrarea informa\u021biilor despre utilizatori con\u021binute \u00een sau ob\u021binute prin intermediul cookie-urilor esen\u021biale se realizeaz\u0103 \u00een interese legitime [articolul 6 alineatul (1) litera (f) din Regulamentul General Privind Protec\u021bia Datelor (GDPR) cu caracter personal).<\/p>\n\n\n\n<p><strong>Interesele legitime<\/strong>: asigurarea func\u021bion\u0103rii corecte a site-ului \u0219i serviciilor online solicitate.<\/p>\n\n\n\n<p><u>Cum se renun\u021ba la cookie-urile esen\u021biale<\/u><\/p>\n\n\n\n<p>Cele mai multe tipuri de navigatoare web permit blocarea tuturor modulelor de tip cookie, inclusiv a cookie-urilor esen\u021biale. De mentionat faptul c\u0103 dac\u0103 sunt blocate toate cookie-urile, anumite componente \u0219i functii ale site-ului pot fi afectate.<\/p>\n\n\n\n<p>Cookie-urile existente \u00een cadrul navigatorul web pot fi \u0219terse, prin selectarea op\u021biunii de \u0219tergere a cookie-urilor din op\u021biunea de \u0219tergere a datelor de navigare.<\/p>\n\n\n\n<p>Informa\u021bii mai detaliate despre modul de acceptare \u0219i respingere a cookie-urilor, inclusiv instruc\u021biuni pentru anumite browsere, se afl\u0103 \u00een sec\u021biunea de mai jos, intitulat\u0103 <u>\u201e<a href=\"#respingere-cookie\">Cum se accept\u0103 sau se resping cookie-urile<\/a>\u201d.<\/u><\/p>\n\n\n\n<p><strong>Cookie-uri neesentiale<\/strong><br\/><u><\/u><\/p>\n\n\n\n<p>Exist\u0103 posobilitatea s\u0103 utiliz\u0103m \u0219i urm\u0103toarele tipuri de cookie-uri neesen\u021biale pe website-ul nostru:<\/p>\n\n\n\n<ul>\n<li><strong> Cookie-uri func\u021bionale<\/strong><\/li>\n\n\n\n<li><strong> Cookie-uri analitice (sau de performan\u021b\u0103)<\/strong><\/li>\n\n\n\n<li><strong> Cookie-urile de targetare (sau publicitare)<\/strong><\/li>\n<\/ul>\n\n\n\n<p>\u00cenainte de folosirea acestora, vom solicita acordul utilizatorilor.<\/p>\n\n\n\n<p><strong>Cookie-uri func\u021bionale<\/strong><\/p>\n\n\n\n<p>Acestea sunt cookie-uri concepute pentru \u00eembun\u0103t\u0103\u021birea func\u021bionalit\u0103\u021bii site-ului. Acestea nu sunt strict esen\u021biale pentru func\u021bionarea corect\u0103 a site-ul web sau pentru serviciile solicitate pe acesta, sau sunt\u200b\u200b cookie-uri care servesc scopuri neesen\u021biale, \u00een plus fa\u021b\u0103 de scopul esen\u021bial.<\/p>\n\n\n\n<p><u>Acceptarea sau respingerea cookie-urilor func\u021bionale<\/u><\/p>\n\n\n\n<p>Naviga\u021bi spre sec\u021biunea principal\u0103 intitulat\u0103 \u201cCum se accept\u0103 sau se resping cookie-urile\u201d.<\/p>\n\n\n\n<p><u>Prelucrarea informa\u021biilor personale despre utilizator, con\u021binute sau ob\u021binute prin intermediul cookie-urilor func\u021bionale<\/u><\/p>\n\n\n\n<p><strong>Fundamentul juridic pentru prelucrare<\/strong>: prelucrarea informa\u021biilor despre utilizatori con\u021binute \u00een sau ob\u021binute prin intermediul cookie-urilor func\u021bionale se realizeaz\u0103 \u00een interese legitime (Articolul 6 alineatul (1) litera (f) din Regulamentul General Privind Protec\u021bia Datelor cu caracter personal(GDPR)). Vom procesa datele personale doar dac\u0103 v-a\u021bi dat acordul s\u0103 plas\u0103m cookie-uri pe computerul sau dispozitivul dvs.<\/p>\n\n\n\n<p><strong>Interesele legitime<\/strong>: \u00eembun\u0103t\u0103\u021birea calit\u0103\u021bii \u0219i functionalit\u0103\u021bii site-ului web \u0219i furnizarea sau \u00eembun\u0103t\u0103\u021birea serviciilor solicitate de pe site.<\/p>\n\n\n\n<p><strong>Cookie-urile analitice (sau de performan\u021b\u0103)<\/strong><\/p>\n\n\n\n<p>Cookie-urile analitice (sau de performan\u021b\u0103) urm\u0103resc \u0219i colecteaz\u0103 date despre ceea ce face un utilizator pe site-ul web accesat. Aceste cookie-uri nu sunt esen\u021biale pentru buna func\u021bionare a site-ului.<\/p>\n\n\n\n<p>Utiliz\u0103m cookie-uri de tip Google Analytics \/ Facebook Pixel pe site. Aceste cookie-uri ajut\u0103 la \u00een\u021belegerea modului \u00een care interac\u021biona\u021bi cu website-ul, inclusiv cum a intrat un utilizator pe site-ul web, paginile accesate, c\u00e2t timp \u0219i ce obiecte au fost accesate, loca\u021bie (pe baza adresei IP).<\/p>\n\n\n\n<p>Aceste cookie-uri sunt cookie-uri de sesiune sau persistente.<\/p>\n\n\n\n<p>Informa\u021biile colectate cu ajutorul modulelor cookie analitice sunt colectate \u00een mod anonim.<\/p>\n\n\n\n<p><u>Mai multe informatii<\/u><\/p>\n\n\n\n<p>Cookie-urile Google Analytics sunt clasificate drept cookie-uri primare, deoarece sunt stabilite de domeniul site-ului, de\u0219i Google colecteaz\u0103 \u0219i proceseaz\u0103 informa\u021bii prin utilizarea Google Analytics. Mai multe informatii despre modul \u00een care Google gestioneaz\u0103 informa\u021biile colectate prin intermediul Google Analytics, se afl\u0103 \u00een politica de confiden\u021bialitate Google Analytics, disponibil\u0103 aici: <a title=\"Google Analytics\" href=\"https:\/\/support.google.com\/analytics\/answer\/6004245\" target=\"_blank\" rel=\"noopener noreferrer\">https:\/\/support.google.com\/analytics\/answer\/6004245<\/a><\/p>\n\n\n\n<p>Informa\u021bii despre modul \u00een care Google utilizeaz\u0103 date din cookie-urile pe care le utilizeaz\u0103, se g\u0103sesc acces\u00e2nd <a title=\"Google Partners\" href=\"https:\/\/www.google.com\/policies\/privacy\/partners\" target=\"_blank\" rel=\"noopener noreferrer\">www.google.com\/policies\/privacy\/partners<\/a>.<\/p>\n\n\n\n<p><u>Acceptarea sau respingerea cookie-urilor analitice<\/u><\/p>\n\n\n\n<p>Naviga\u021bi spre sec\u021biunea principal\u0103 intitulat\u0103 \u201cCum se accept\u0103 sau se resping cookie-urile\u201d.<\/p>\n\n\n\n<p>Renun\u021barea la monitorizarea oferit\u0103 de Google Analytics pe toate site-urile web \u00een general se face urm\u00e2nd instructiunile de la aceasta adres\u0103: http:\/\/tools.google.com\/dlpage\/gaoptout<\/p>\n\n\n\n<p><u>Prelucrarea informa\u021biilor despre utilizator con\u021binute \u00een sau ob\u021binute prin intermediul cookie-urilor analitice<\/u><\/p>\n\n\n\n<p><strong>Fundamentul juridic pentru prelucrare<\/strong>: prelucrarea informa\u021biilor despre utilizatori con\u021binute \u00een sau ob\u021binute prin intermediul cookie-urilor analitice \u00een interese legitime [articolul 6 alineatul (1) litera (f) din Regulamentul General Privind Protec\u021bia Datelor cu caracter personal (GDPR). Vom procesa datele personale doar dac\u0103 v-a\u021bi dat acordul s\u0103 plas\u0103m cookie-uri pe computerul sau dispozitivul dvs.<\/p>\n\n\n\n<p><strong>Interesele legitime<\/strong>: analiza modului \u00een care persoanele utilizeaz\u0103 site-ul web pentru \u00eembun\u0103t\u0103\u021birea site-ului \u0219i business-ului.<\/p>\n\n\n\n<p><strong>Cookie-uri de targetare (sau publicitate)<\/strong><\/p>\n\n\n\n<p>Cookie-urile de publicitate \u00eenregistreaz\u0103 informa\u021bii despre vizita utilizatorilor \u0219i utilizarea site-ului, \u00een scopuri publicitare.<\/p>\n\n\n\n<p><u>Aceptarea sau respingerea cookie-urilor de targetare<\/u><\/p>\n\n\n\n<p>Naviga\u021bi spre sec\u021biunea principal\u0103 intitulat\u0103 \u201cCum se accept\u0103 sau se resping cookie-urile\u201d.<\/p>\n\n\n\n<p><u>Prelucrarea informa\u021biilor despre utilizator con\u021binute sau ob\u021binute din cookie-urile de targetare<\/u><\/p>\n\n\n\n<p><strong>Fundamentul juridic pentru prelucrare<\/strong>: prelucrarea informa\u021biilor despre utilizatori con\u021binute \u00een sau ob\u021binute prin intermediul cookie-urilor de targetare \u00een interese legitime [articolul 6 alineatul (1) litera (f) din Regulamentul General Privind Protec\u021bia Datelor cu caracter personal (GDPR)). Vom procesa datele personale doar dac\u0103 v-a\u021bi dat acordul s\u0103 plas\u0103m cookie-uri pe computerul sau dispozitivul dvs.<\/p>\n\n\n\n<p><strong>Scop<\/strong>: afi\u0219area de anun\u021buri despre produse \u0219i servicii.<\/p>\n\n\n\n<p><strong>Cookie-uri ale p\u0103r\u021bilor ter\u021be<\/strong><\/p>\n\n\n\n<p>Tertii utilizeaz\u0103 cookie-uri pentru analizarea utiliz\u0103rii de c\u0103tre utilizatori a site-ului nostru cu scopul afi\u0219\u0103rii de reclame (inclusiv reclame ale p\u0103r\u021bilor ter\u021be) c\u0103tre utilizatori \u0219i urm\u0103rirea conversiilor anun\u021burilor Google AdWords.<\/p>\n\n\n\n<p><u>Informa\u021bii adi\u021bionale<\/u><\/p>\n\n\n\n<p>Informa\u021bii despre cookie-urile utilizate de Google \u00een leg\u0103tur\u0103 cu cele de mai sus, se afla in sec\u021biunea &#8220;Publicitate&#8221; si este disponibil\u0103 la aceasta adresa: <a href=\"https:\/\/www.google.com\/policies\/technologies\/types\/\" target=\"_blank\" rel=\"noopener\">https:\/\/www.google.com\/policies\/technologies\/types\/<\/a><\/p>\n\n\n\n<p>Informa\u021bii despre modul \u00een care Google utilizeaz\u0103 date din cookie-uri \u00een scopuri proprii, se afl\u0103 la urm\u0103toarea adres\u0103 www.google.com\/policies\/privacy\/partners\/<\/p>\n\n\n\n<p><u>Aceptarea sau respingerea cookie-urilor ter\u021bilor<\/u><\/p>\n\n\n\n<p>Naviga\u021bi spre sec\u021biunea principal\u0103 intitulat\u0103 \u201cCum se accept\u0103 sau se resping cookie-urile\u201d.<\/p>\n\n\n\n<p><u>Prelucrarea datelor dvs. con\u021binute \u00een sau ob\u021binute prin intermediul cookie-urilor p\u0103r\u021bilor ter\u021be<\/u><\/p>\n\n\n\n<p><strong>Fundamentul juridic pentru prelucrare<\/strong>: prelucrarea informa\u021biilor despre utilizatori con\u021binute \u00een sau ob\u021binute din cookie-uri ale ter\u021bilor \u00een interese legitime (articolul 6 alineatul (1) litera (f) din Regulamentul General Privind Protec\u021bia Datelor (GDPR) cu caracter personal). Vom procesa datele personale doar dac\u0103 v-a\u021bi dat acordul s\u0103 plas\u0103m cookie-uri pe computerul sau dispozitivul dvs.<\/p>\n\n\n\n<p><strong>Interesele legitime<\/strong>: scopurile pentru care sunt folosite cookie-urile ter\u021bilor, a\u0219a cum este descris mai sus.<\/p>\n\n\n\n<h3 class=\"wp-block-heading\"><strong>3. Cum se accept\u0103 sau se resping cookie-urile<\/strong><\/h3>\n\n\n\n<p>Exist\u0103 o serie de moduri diferite prin care se pot accepta sau respinge unele sau toate tipurile de cookie-uri \u0219i tehnologii similare. Unele dintre principalele metode de a face acest lucru sunt descrise mai jos:<\/p>\n\n\n\n<p>Sunte\u021bi bineveni\u021bi s\u0103 bloca\u021bi utilizarea unora sau a tuturor cookie-urilor care sunt folosite pe website. Cu toate acestea, v\u0103 rug\u0103m s\u0103 con\u0219tientiza\u021bi faptul c\u0103 acest lucru poate afecta website-ul \u0219i func\u021bionalitatea sa \u00een mod par\u021bial sau total.<\/p>\n\n\n\n<p>De asemenea, trebuie s\u0103 fi\u021bi con\u0219tient c\u0103 \u0219tergerea tuturor cookie-urilor din navigatorul web va \u0219terge, de asemenea, toate modulele cookie care stocheaz\u0103 preferin\u021bele dvs., de exemplu dac\u0103 a\u021bi acceptat sau nu utilizarea cookie-urilor pe un website sau orice cookie-uri care blocheaz\u0103 alte cookie-uri.<\/p>\n\n\n\n<p>Informa\u021bii detaliate despre cookie-uri \u0219i set\u0103rile browserului se pot g\u0103si prin accesarea urm\u0103torului link: <a title=\"All about cookies\" href=\"https:\/\/www.allaboutcookies.org\/%20\" target=\"_blank\" rel=\"noopener noreferrer\">https:\/\/www.allaboutcookies.org\/<\/a><\/p>\n\n\n\n<p><strong>Acceptarea sau respingerea cookie-urilor<\/strong><\/p>\n\n\n\n<p><u>Set\u0103rile browserului<\/u><\/p>\n\n\n\n<p>Pute\u021bi accepta sau respinge unele sau toate modulele cookie (de exemplu, bloc\u00e2nd toate modulele cookie ale p\u0103r\u021bilor ter\u021be) ajust\u00e2nd set\u0103rile browserului. Modul de efectuarea a acestui lucru se gase\u0219te acces\u00e2nd urm\u0103toarele link-uri pentru cele mai populare navigatoare web:<\/p>\n\n\n\n<p>Google Chrome: <a title=\"Google support\" href=\"https:\/\/support.google.com\/chrome\/answer\/95647?hl=ro\" target=\"_blank\" rel=\"noopener noreferrer\">https:\/\/support.google.com\/chrome\/answer\/95647?hl=ro<\/a><\/p>\n\n\n\n<p>Mozilla Firefox: <a title=\"Suport Mozilla\" href=\"https:\/\/support.mozilla.org\/en-US\/kb\/delete-browsing-search-download-history-firefox?redirectlocale=ro-US&amp;redirectslug=Clear+Recent+History\" target=\"_blank\" rel=\"noopener noreferrer\">https:\/\/support.mozilla.org\/en-US\/kb\/delete-browsing-search-download-history-firefox?redirectlocale=ro-US&amp;redirectslug=Clear+Recent+History<\/a><\/p>\n\n\n\n<p>Apple Safari: <a title=\"Suport Apple Safari\" href=\"https:\/\/support.apple.com\/kb\/PH5042?locale=ro_RO\" target=\"_blank\" rel=\"noopener noreferrer\">https:\/\/support.apple.com\/kb\/PH5042?locale=ro_RO<\/a><\/p>\n\n\n\n<p>Unele browsere, cum ar fi Chrome \u0219i Firefox, permit modificarea set\u0103rilor pentru navigarea \u00een modul &#8220;incognito&#8221;, limit\u00e2nd cantitatea de date introduse pe dispozitiv \u0219i \u0219terg\u00e2nd automat toate modulele cookie persistente introduse pe dispozitiv c\u00e2nd sesiunea de navigare se termin\u0103. Exist\u0103, de asemenea, numeroase aplica\u021bii ale unor p\u0103r\u021bi ter\u021be care se pot ad\u0103uga \u00een browser pentru a bloca sau administra cookie-urile.<\/p>\n\n\n\n<p><strong>Cookie-urile existente<\/strong><\/p>\n\n\n\n<p>Pentru a \u0219terge cookie-urile care au fost plasate anterior \u00een browser, trebuie selectat\u0103 op\u021biunea de \u0219tergere a istoricului navig\u0103rii asigur\u00e2ndu-v\u0103 c\u0103 op\u021biunea de \u0219tergere sau de \u0219tergere a cookie-urilor este activat\u0103 atunci c\u00e2nd se face acest lucru.<\/p>\n<\/div><\/div>\n\n<\/div><\/div>","protected":false},"excerpt":{"rendered":"<p>POLITIC\u0102 DE COOKIE-URI Aceast\u0103 politic\u0103 reglementeaz\u0103 utilizarea cookie-urilor si stabile\u0219te temeiul legal al companiei SC HOMA S.R.L. pentru utilizarea \u201ccookie-urilor\u201d \u0219i tehnologiilor similare pe website sau pe sisteme care au legatur\u0103 cu website-ul www.salentopizza.ro. Aceast\u0103 politic\u0103 de cookie-uri este valabil\u0103 \u00eencep\u00e2nd cu data de 01.12.2020. Modulele de cookie esen\u021biale sunt plasate automat pe calculator, laptop&#8230;<\/p>\n","protected":false},"author":1,"featured_media":0,"parent":0,"menu_order":0,"comment_status":"closed","ping_status":"closed","template":"","meta":{"_kad_blocks_custom_css":"","_kad_blocks_head_custom_js":"","_kad_blocks_body_custom_js":"","_kad_blocks_footer_custom_js":"","_kad_post_transparent":"","_kad_post_title":"","_kad_post_layout":"","_kad_post_sidebar_id":"","_kad_post_content_style":"","_kad_post_vertical_padding":"","_kad_post_feature":"","_kad_post_feature_position":"","_kad_post_header":false,"_kad_post_footer":false,"footnotes":""},"taxonomy_info":[],"featured_image_src_large":false,"author_info":{"display_name":"taki","author_link":"https:\/\/salentopizza.ro\/hu\/author\/taki\/"},"comment_info":0,"jetpack_sharing_enabled":true,"_links":{"self":[{"href":"https:\/\/salentopizza.ro\/hu\/wp-json\/wp\/v2\/pages\/59000"}],"collection":[{"href":"https:\/\/salentopizza.ro\/hu\/wp-json\/wp\/v2\/pages"}],"about":[{"href":"https:\/\/salentopizza.ro\/hu\/wp-json\/wp\/v2\/types\/page"}],"author":[{"embeddable":true,"href":"https:\/\/salentopizza.ro\/hu\/wp-json\/wp\/v2\/users\/1"}],"replies":[{"embeddable":true,"href":"https:\/\/salentopizza.ro\/hu\/wp-json\/wp\/v2\/comments?post=59000"}],"version-history":[{"count":0,"href":"https:\/\/salentopizza.ro\/hu\/wp-json\/wp\/v2\/pages\/59000\/revisions"}],"wp:attachment":[{"href":"https:\/\/salentopizza.ro\/hu\/wp-json\/wp\/v2\/media?parent=59000"}],"curies":[{"name":"wp","href":"https:\/\/api.w.org\/{rel}","templated":true}]}}